{"id":80,"date":"2024-07-23T08:29:47","date_gmt":"2024-07-23T08:29:47","guid":{"rendered":"https:\/\/utopia.erasmus.site\/?page_id=80"},"modified":"2024-07-23T18:42:49","modified_gmt":"2024-07-23T18:42:49","slug":"more-about-utopia","status":"publish","type":"page","link":"https:\/\/utopia.erasmus.site\/ro\/more-about-utopia\/","title":{"rendered":"Mai multe despre UTOPIA"},"content":{"rendered":"<p><strong><em>\u0218tia\u021bi?<\/em><\/strong><\/p>\n<p>Istoria recent\u0103 a ar\u0103tat c\u0103 na\u021bionalismul populist poate cre\u0219te \u00een societ\u0103\u021bile care g\u0103zduiesc refugia\u021bi (van der Brug, 2021). Acest lucru poate provoca resentimente \u0219i ciocniri \u00eentre localnici \u0219i refugia\u021bi, diminu\u00e2nd \u0219ansele de reu\u0219it\u0103 a integr\u0103rii locale. Pe m\u0103sur\u0103 ce num\u0103rul refugia\u021bilor din Ucraina se stabile\u0219te \u00een Europa temporar sau permanent, este important ca statele membre ale UE s\u0103 anticipeze \u0219i s\u0103 men\u021bin\u0103 o atitudine primitoare. UE a stabilit ca prioritate absolut\u0103 integrarea social\u0103 f\u0103r\u0103 probleme a ucrainenilor<\/p>\n<p>refugia\u021bilor pentru durata de \u0219edere care va fi necesar\u0103. Printre planurile de ac\u021biune care subliniaz\u0103 aceast\u0103 necesitate se num\u0103r\u0103 activarea Directivei privind protec\u021bia temporar\u0103 \u0219i Ac\u021biunea de coeziune pentru refugia\u021bi \u00een Europa (CARE). Av\u00e2nd \u00een vedere prioritatea pe care UE a stabilit-o pentru a fi al\u0103turi de persoanele care fug de r\u0103zboi, parteneriatul nostru a fost motivat s\u0103 \u00ee\u0219i uneasc\u0103 for\u021bele \u0219i s\u0103 conceap\u0103 un proiect inovator care va \u00eencuraja implicarea activ\u0103 at\u00e2t a localnicilor, c\u00e2t \u0219i a refugia\u021bilor ucraineni \u00een 3 \u021b\u0103ri, dintre care unele au primit fluxuri migratorii intense din cauza r\u0103zboiului din ultimele luni. Conform Portalului de date opera\u021bionale &#8211; Situa\u021bia refugia\u021bilor din Ucraina (UNHCR, 2023), Rom\u00e2nia \u0219i Polonia au \u00eenregistrat 110.106 \u0219i, respectiv, 1.564.711, Grecia urm\u00e2nd cu rate de aflux mai mici.<\/p>\n<p><strong><em>Despre UTOPIA<\/em><\/strong><\/p>\n<p>UTOPIA este conceput pentru a promova incluziunea social\u0103 \u0219i dialogul intercultural \u00eentre tinerii locali \u0219i ucraineni. Proiectul va crea instrumente \u0219i materiale de formare pentru lucr\u0103torii de tineret pentru a facilita aceste dialoguri, folosind metode inovatoare, cum ar fi gamificarea, pentru a sparge barierele culturale \u0219i a promova \u00een\u021belegerea. Astfel, ne propunem s\u0103:<\/p>\n<p>-\u00eembun\u0103t\u0103\u021birea capacit\u0103\u021bii partenerilor de a sprijini integrarea tinerilor refugia\u021bi.<\/p>\n<p>-cre\u0219terea capacit\u0103\u021bii lucr\u0103torilor de tineret de a facilita grupuri mixte (localnici \u0219i refugia\u021bi).<\/p>\n<p>-Consolidarea integr\u0103rii tinerilor refugia\u021bi.<\/p>\n<p>-Promovarea vizibilit\u0103\u021bii \u0219i a impactului proiectului.<\/p>\n<p><strong><em>Grupuri \u021bint\u0103 UTOPIA<\/em><\/strong><\/p>\n<p>T1. Lucr\u0103tori cu tinerii: Profesioni\u0219ti care lucreaz\u0103 cu tinerii, inclusiv cei din ONG-uri, institu\u021bii de \u00eenv\u0103\u021b\u0103m\u00e2nt \u0219i alte organiza\u021bii relevante.<\/p>\n<p>T2. Tineretul local \u0219i refugia\u021bii ucraineni: Tineri din comunit\u0103\u021bile locale \u0219i tineri ucraineni str\u0103muta\u021bi.<\/p>\n<p>T3. P\u0103r\u021bi interesate: Asocia\u021bii locale de afaceri, institute VET, agen\u021bii de dezvoltare \u0219i alte p\u0103r\u021bi interesate relevante.<\/p>\n<p>T4. Comunit\u0103\u021bile locale: Beneficiaz\u0103 de o mai bun\u0103 con\u0219tientizare \u0219i punere \u00een aplicare a politicilor ESG.<\/p>\n<p>T5. Parteneri: Organiza\u021bii direct implicate \u00een activit\u0103\u021bile proiectului.<\/p>\n<p><strong>Obiectivele UTOPIA <\/strong><\/p>\n<ul>\n<li>\u00cembun\u0103t\u0103\u021birea capacit\u0103\u021bii partenerilor de a sprijini integrarea tinerilor refugia\u021bi.<\/li>\n<li>Cre\u0219terea capacit\u0103\u021bii lucr\u0103torilor de tineret de a facilita grupuri mixte (localnici \u0219i refugia\u021bi).<\/li>\n<li>Consolidarea integr\u0103rii tinerilor refugia\u021bi.<\/li>\n<li>Promovarea vizibilit\u0103\u021bii \u0219i a impactului proiectului.<\/li>\n<\/ul>\n<p><\/p>","protected":false},"excerpt":{"rendered":"<p>\u0218tia\u021bi? Istoria recent\u0103 a ar\u0103tat c\u0103 na\u021bionalismul populist poate cre\u0219te \u00een societ\u0103\u021bile care g\u0103zduiesc refugia\u021bi (van der Brug, 2021). Acest lucru poate provoca resentimente \u0219i ciocniri \u00eentre localnici \u0219i refugia\u021bi, diminu\u00e2nd \u0219ansele de reu\u0219it\u0103 a integr\u0103rii locale. Pe m\u0103sur\u0103 ce num\u0103rul refugia\u021bilor din Ucraina se stabile\u0219te \u00een Europa temporar sau permanent, este important ca statele&hellip;&nbsp;<a href=\"https:\/\/utopia.erasmus.site\/ro\/more-about-utopia\/\" rel=\"bookmark\">Cite\u0219te mai mult &raquo;<span class=\"screen-reader-text\">Mai multe despre UTOPIA<\/span><\/a><\/p>\n","protected":false},"author":1,"featured_media":23,"parent":0,"menu_order":0,"comment_status":"closed","ping_status":"closed","template":"","meta":{"neve_meta_sidebar":"","neve_meta_container":"","neve_meta_enable_content_width":"off","neve_meta_content_width":100,"neve_meta_title_alignment":"","neve_meta_author_avatar":"","neve_post_elements_order":"","neve_meta_disable_header":"","neve_meta_disable_footer":"","neve_meta_disable_title":"","footnotes":""},"class_list":["post-80","page","type-page","status-publish","has-post-thumbnail","hentry"],"_links":{"self":[{"href":"https:\/\/utopia.erasmus.site\/ro\/wp-json\/wp\/v2\/pages\/80","targetHints":{"allow":["GET"]}}],"collection":[{"href":"https:\/\/utopia.erasmus.site\/ro\/wp-json\/wp\/v2\/pages"}],"about":[{"href":"https:\/\/utopia.erasmus.site\/ro\/wp-json\/wp\/v2\/types\/page"}],"author":[{"embeddable":true,"href":"https:\/\/utopia.erasmus.site\/ro\/wp-json\/wp\/v2\/users\/1"}],"replies":[{"embeddable":true,"href":"https:\/\/utopia.erasmus.site\/ro\/wp-json\/wp\/v2\/comments?post=80"}],"version-history":[{"count":5,"href":"https:\/\/utopia.erasmus.site\/ro\/wp-json\/wp\/v2\/pages\/80\/revisions"}],"predecessor-version":[{"id":160,"href":"https:\/\/utopia.erasmus.site\/ro\/wp-json\/wp\/v2\/pages\/80\/revisions\/160"}],"wp:featuredmedia":[{"embeddable":true,"href":"https:\/\/utopia.erasmus.site\/ro\/wp-json\/wp\/v2\/media\/23"}],"wp:attachment":[{"href":"https:\/\/utopia.erasmus.site\/ro\/wp-json\/wp\/v2\/media?parent=80"}],"curies":[{"name":"wp","href":"https:\/\/api.w.org\/{rel}","templated":true}]}}