{"id":80,"date":"2024-07-23T08:29:47","date_gmt":"2024-07-23T08:29:47","guid":{"rendered":"https:\/\/utopia.erasmus.site\/?page_id=80"},"modified":"2024-07-23T18:42:49","modified_gmt":"2024-07-23T18:42:49","slug":"more-about-utopia","status":"publish","type":"page","link":"https:\/\/utopia.erasmus.site\/pl\/more-about-utopia\/","title":{"rendered":"Wi\u0119cej o projekcie UTOPIA"},"content":{"rendered":"<p><strong><em>Czy wiesz\u2026?<\/em><\/strong><\/p>\n<p>Najnowsza historia pokaza\u0142a, \u017ce populistyczny nacjonalizm mo\u017ce rosn\u0105\u0107 w spo\u0142ecze\u0144stwach przyjmuj\u0105cych uchod\u017ac\u00f3w (van der Brug, 2021). Mo\u017ce to powodowa\u0107 niech\u0119\u0107 i starcia mi\u0119dzy mieszka\u0144cami a uchod\u017acami, zmniejszaj\u0105c szanse na udan\u0105 integracj\u0119 lokaln\u0105. Poniewa\u017c uchod\u017acy z Ukrainy osiedlaj\u0105 si\u0119 w Europie tymczasowo lub na sta\u0142e, wa\u017cne jest, aby pa\u0144stwa cz\u0142onkowskie UE przewidywa\u0142y i utrzymywa\u0142y przyjazn\u0105 postaw\u0119. UE wyznaczy\u0142a jako wysoki priorytet p\u0142ynn\u0105 integracj\u0119 spo\u0142eczn\u0105 ukrai\u0144skich uchod\u017ac\u00f3w na czas ich pobytu. W\u015br\u00f3d plan\u00f3w dzia\u0142ania, kt\u00f3re podkre\u015blaj\u0105 t\u0119 potrzeb\u0119, znajduje si\u0119 dyrektywa w sprawie tymczasowej ochrony oraz dzia\u0142ania sp\u00f3jno\u015bci na rzecz uchod\u017ac\u00f3w w Europie (CARE). Bior\u0105c pod uwag\u0119 priorytet, jaki UE ustanowi\u0142a dla ludzi uciekaj\u0105cych przed wojn\u0105, nasze partnerstwo zosta\u0142o zmotywowane do po\u0142\u0105czenia si\u0142 i opracowania innowacyjnego projektu, kt\u00f3ry zach\u0119ci do aktywnego zaanga\u017cowania zar\u00f3wno miejscowych, jak i ukrai\u0144skich uchod\u017ac\u00f3w w 3 krajach UE, z kt\u00f3rych niekt\u00f3re do\u015bwiadczy\u0142y intensywnej migracji z powodu wojny w ci\u0105gu ostatnich kilku miesi\u0119cy. Wed\u0142ug Portalu Danych Operacyjnych &#8211; Sytuacja uchod\u017ac\u00f3w na Ukrainie (UNHCR, 2023), Rumunia i Polska odnotowa\u0142y przybycie odpowiednio 110 106 i 1 564 711 os\u00f3b; Grecja odnotowa\u0142a ni\u017csze wska\u017aniki nap\u0142ywu.<\/p>\n<p><strong><em>O projekcie UTOPIA<\/em><\/strong><\/p>\n<p>UTOPIA ma na celu wspieranie integracji spo\u0142ecznej i dialogu mi\u0119dzykulturowego mi\u0119dzy m\u0142odzie\u017c\u0105 lokaln\u0105 i ukrai\u0144sk\u0105. W ramach projektu stworzone zostan\u0105 narz\u0119dzia i materia\u0142y szkoleniowe dla os\u00f3b pracuj\u0105cych z m\u0142odzie\u017c\u0105 w celu u\u0142atwienia tego dialogu, przy u\u017cyciu innowacyjnych metod, takich jak grywalizacja, w celu prze\u0142amania barier kulturowych i promowania zrozumienia. W ten spos\u00f3b zamierzamy:<\/p>\n<p>&#8211; zwi\u0119kszy\u0107 zdolno\u015b\u0107 partner\u00f3w do wspierania integracji m\u0142odych uchod\u017ac\u00f3w.<\/p>\n<p>&#8211; zwi\u0119kszy\u0107 zdolno\u015b\u0107 os\u00f3b pracuj\u0105cych z m\u0142odzie\u017c\u0105 do u\u0142atwiania pracy grupom mieszanym (miejscowym i uchod\u017acom).<\/p>\n<p>&#8211; poprawi\u0107 integracj\u0119 m\u0142odzie\u017cy uchod\u017aczej.<\/p>\n<p>&#8211; promowa\u0107 widoczno\u015b\u0107 i wp\u0142yw projektu.<\/p>\n<p><strong><em>Grupy docelowe projektu UTOPIA<\/em><\/strong><\/p>\n<p>T1. Osoby pracuj\u0105ce z m\u0142odzie\u017c\u0105: Specjali\u015bci pracuj\u0105cy z m\u0142odzie\u017c\u0105, w tym osoby z organizacji pozarz\u0105dowych, instytucji edukacyjnych i innych odpowiednich organizacji.<\/p>\n<p>T2. Lokalna m\u0142odzie\u017c i ukrai\u0144scy uchod\u017acy: M\u0142odzi ludzie ze spo\u0142eczno\u015bci lokalnych i przesiedlona m\u0142odzie\u017c ukrai\u0144ska.<\/p>\n<p>T3. Interesariusze: Lokalne stowarzyszenia biznesowe, instytuty kszta\u0142cenia i szkolenia zawodowego, agencje rozwoju i inne zainteresowane strony.<\/p>\n<p>T4. Spo\u0142eczno\u015bci lokalne: Korzystaj\u0105ce z lepszej \u015bwiadomo\u015bci i wdra\u017cania polityk ESG.<\/p>\n<p>T5. Partnerzy: Organizacje bezpo\u015brednio zaanga\u017cowane w dzia\u0142ania projektowe.<\/p>\n<p><strong><em>Cele projektu UTOPIA<\/em><\/strong><\/p>\n<ul>\n<li>Poprawa zdolno\u015bci partner\u00f3w do wspierania integracji m\u0142odych uchod\u017ac\u00f3w.<\/li>\n<li>Zwi\u0119kszenie zdolno\u015bci os\u00f3b pracuj\u0105cych z m\u0142odzie\u017c\u0105 do prowadzenia grup mieszanych (miejscowi i uchod\u017acy).<\/li>\n<li>Poprawa integracji m\u0142odzie\u017cy uchod\u017aczej.<\/li>\n<li>Promowanie widoczno\u015bci i wp\u0142ywu projektu.<\/li>\n<\/ul>\n<p><\/p>","protected":false},"excerpt":{"rendered":"<p>Czy wiesz\u2026? Najnowsza historia pokaza\u0142a, \u017ce populistyczny nacjonalizm mo\u017ce rosn\u0105\u0107 w spo\u0142ecze\u0144stwach przyjmuj\u0105cych uchod\u017ac\u00f3w (van der Brug, 2021). Mo\u017ce to powodowa\u0107 niech\u0119\u0107 i starcia mi\u0119dzy mieszka\u0144cami a uchod\u017acami, zmniejszaj\u0105c szanse na udan\u0105 integracj\u0119 lokaln\u0105. Poniewa\u017c uchod\u017acy z Ukrainy osiedlaj\u0105 si\u0119 w Europie tymczasowo lub na sta\u0142e, wa\u017cne jest, aby pa\u0144stwa cz\u0142onkowskie UE przewidywa\u0142y i utrzymywa\u0142y&hellip;&nbsp;<a href=\"https:\/\/utopia.erasmus.site\/pl\/more-about-utopia\/\" rel=\"bookmark\">Dowiedz si\u0119 wi\u0119cej &raquo;<span class=\"screen-reader-text\">Wi\u0119cej o projekcie UTOPIA<\/span><\/a><\/p>\n","protected":false},"author":1,"featured_media":23,"parent":0,"menu_order":0,"comment_status":"closed","ping_status":"closed","template":"","meta":{"neve_meta_sidebar":"","neve_meta_container":"","neve_meta_enable_content_width":"off","neve_meta_content_width":100,"neve_meta_title_alignment":"","neve_meta_author_avatar":"","neve_post_elements_order":"","neve_meta_disable_header":"","neve_meta_disable_footer":"","neve_meta_disable_title":"","footnotes":""},"class_list":["post-80","page","type-page","status-publish","has-post-thumbnail","hentry"],"_links":{"self":[{"href":"https:\/\/utopia.erasmus.site\/pl\/wp-json\/wp\/v2\/pages\/80","targetHints":{"allow":["GET"]}}],"collection":[{"href":"https:\/\/utopia.erasmus.site\/pl\/wp-json\/wp\/v2\/pages"}],"about":[{"href":"https:\/\/utopia.erasmus.site\/pl\/wp-json\/wp\/v2\/types\/page"}],"author":[{"embeddable":true,"href":"https:\/\/utopia.erasmus.site\/pl\/wp-json\/wp\/v2\/users\/1"}],"replies":[{"embeddable":true,"href":"https:\/\/utopia.erasmus.site\/pl\/wp-json\/wp\/v2\/comments?post=80"}],"version-history":[{"count":5,"href":"https:\/\/utopia.erasmus.site\/pl\/wp-json\/wp\/v2\/pages\/80\/revisions"}],"predecessor-version":[{"id":160,"href":"https:\/\/utopia.erasmus.site\/pl\/wp-json\/wp\/v2\/pages\/80\/revisions\/160"}],"wp:featuredmedia":[{"embeddable":true,"href":"https:\/\/utopia.erasmus.site\/pl\/wp-json\/wp\/v2\/media\/23"}],"wp:attachment":[{"href":"https:\/\/utopia.erasmus.site\/pl\/wp-json\/wp\/v2\/media?parent=80"}],"curies":[{"name":"wp","href":"https:\/\/api.w.org\/{rel}","templated":true}]}}