{"id":192,"date":"2024-11-20T14:45:23","date_gmt":"2024-11-20T14:45:23","guid":{"rendered":"https:\/\/utopia.erasmus.site\/?page_id=192"},"modified":"2025-06-04T19:12:23","modified_gmt":"2025-06-04T19:12:23","slug":"intercultural-dialogue-guide-for-youth-workers","status":"publish","type":"page","link":"https:\/\/utopia.erasmus.site\/pl\/intercultural-dialogue-guide-for-youth-workers\/","title":{"rendered":"Przewodnik dialogu mi\u0119dzykulturowego dla os\u00f3b pracuj\u0105cych z m\u0142odzie\u017c\u0105"},"content":{"rendered":"<p><\/p>\n<div class=\"row\">\n<div class=\"col-sm-3\" style=\"text-align: center;\"><a href=\"https:\/\/utopia.erasmus.site\/wp-content\/uploads\/2025\/05\/PL_UTOPIA_Activity-Book.pdf\" target=\"_blank\" rel=\"noopener noreferrer\"><br \/>\n<img fetchpriority=\"high\" decoding=\"async\" class=\"size-medium wp-image-117 aligncenter\" src=\"https:\/\/utopia.erasmus.site\/wp-content\/uploads\/2024\/11\/UTOPIA_Youth-Workers-Guide-for-Intercultural-Dialogue-Facilitation.jpg\" alt=\"\" width=\"212\" height=\"300\" \/><br \/>\nDownload<\/a><\/div>\n<p><\/p>","protected":false},"excerpt":{"rendered":"<p>Download<\/p>\n","protected":false},"author":1,"featured_media":0,"parent":0,"menu_order":0,"comment_status":"closed","ping_status":"closed","template":"","meta":{"neve_meta_sidebar":"","neve_meta_container":"","neve_meta_enable_content_width":"off","neve_meta_content_width":100,"neve_meta_title_alignment":"","neve_meta_author_avatar":"","neve_post_elements_order":"","neve_meta_disable_header":"","neve_meta_disable_footer":"","neve_meta_disable_title":"","footnotes":""},"class_list":["post-192","page","type-page","status-publish","hentry"],"_links":{"self":[{"href":"https:\/\/utopia.erasmus.site\/pl\/wp-json\/wp\/v2\/pages\/192","targetHints":{"allow":["GET"]}}],"collection":[{"href":"https:\/\/utopia.erasmus.site\/pl\/wp-json\/wp\/v2\/pages"}],"about":[{"href":"https:\/\/utopia.erasmus.site\/pl\/wp-json\/wp\/v2\/types\/page"}],"author":[{"embeddable":true,"href":"https:\/\/utopia.erasmus.site\/pl\/wp-json\/wp\/v2\/users\/1"}],"replies":[{"embeddable":true,"href":"https:\/\/utopia.erasmus.site\/pl\/wp-json\/wp\/v2\/comments?post=192"}],"version-history":[{"count":4,"href":"https:\/\/utopia.erasmus.site\/pl\/wp-json\/wp\/v2\/pages\/192\/revisions"}],"predecessor-version":[{"id":221,"href":"https:\/\/utopia.erasmus.site\/pl\/wp-json\/wp\/v2\/pages\/192\/revisions\/221"}],"wp:attachment":[{"href":"https:\/\/utopia.erasmus.site\/pl\/wp-json\/wp\/v2\/media?parent=192"}],"curies":[{"name":"wp","href":"https:\/\/api.w.org\/{rel}","templated":true}]}}